{"id":2212,"date":"2020-05-10T21:30:38","date_gmt":"2020-05-10T19:30:38","guid":{"rendered":"https:\/\/nourrisante.fr\/?page_id=2212"},"modified":"2020-05-14T15:21:40","modified_gmt":"2020-05-14T13:21:40","slug":"mentions-legales","status":"publish","type":"page","link":"https:\/\/nourrisante.fr\/index.php\/mentions-legales\/","title":{"rendered":"Mentions L\u00e9gales"},"content":{"rendered":"\t\t<div data-elementor-type=\"wp-page\" data-elementor-id=\"2212\" class=\"elementor elementor-2212\">\n\t\t\t\t\t\t<div class=\"elementor-inner\">\n\t\t\t\t<div class=\"elementor-section-wrap\">\n\t\t\t\t\t\t\t\t\t<section class=\"elementor-section elementor-top-section elementor-element elementor-element-3327e92d elementor-section-boxed elementor-section-height-default elementor-section-height-default\" data-id=\"3327e92d\" data-element_type=\"section\" data-settings=\"{&quot;background_background&quot;:&quot;classic&quot;,&quot;shape_divider_bottom&quot;:&quot;triangle&quot;,&quot;shape_divider_bottom_negative&quot;:&quot;yes&quot;}\">\n\t\t\t\t\t\t\t<div class=\"elementor-background-overlay\"><\/div>\n\t\t\t\t\t\t<div class=\"elementor-shape elementor-shape-bottom\" data-negative=\"true\">\n\t\t\t<svg xmlns=\"http:\/\/www.w3.org\/2000\/svg\" viewBox=\"0 0 1000 100\" preserveAspectRatio=\"none\">\n\t<path class=\"elementor-shape-fill\" d=\"M500.2,94.7L0,0v100h1000V0L500.2,94.7z\"\/>\n<\/svg>\t\t<\/div>\n\t\t\t\t\t<div class=\"elementor-container elementor-column-gap-default\">\n\t\t\t\t\t\t\t<div class=\"elementor-row\">\n\t\t\t\t\t<div class=\"elementor-column elementor-col-100 elementor-top-column elementor-element elementor-element-2fc471c8\" data-id=\"2fc471c8\" data-element_type=\"column\">\n\t\t\t<div class=\"elementor-column-wrap elementor-element-populated\">\n\t\t\t\t\t\t\t<div class=\"elementor-widget-wrap\">\n\t\t\t\t\t\t<div class=\"elementor-element elementor-element-2d9a783d elementor-widget elementor-widget-heading\" data-id=\"2d9a783d\" data-element_type=\"widget\" data-settings=\"{&quot;_animation&quot;:&quot;none&quot;}\" data-widget_type=\"heading.default\">\n\t\t\t\t<div class=\"elementor-widget-container\">\n\t\t\t<h2 class=\"elementor-heading-title elementor-size-default\">Mentions L\u00e9gales<\/h2>\t\t<\/div>\n\t\t\t\t<\/div>\n\t\t\t\t\t\t<\/div>\n\t\t\t\t\t<\/div>\n\t\t<\/div>\n\t\t\t\t\t\t\t\t<\/div>\n\t\t\t\t\t<\/div>\n\t\t<\/section>\n\t\t\t\t<section class=\"elementor-section elementor-top-section elementor-element elementor-element-d4e5592 elementor-section-boxed elementor-section-height-default elementor-section-height-default\" data-id=\"d4e5592\" data-element_type=\"section\">\n\t\t\t\t\t\t<div class=\"elementor-container elementor-column-gap-default\">\n\t\t\t\t\t\t\t<div class=\"elementor-row\">\n\t\t\t\t\t<div class=\"elementor-column elementor-col-100 elementor-top-column elementor-element elementor-element-9ff865a\" data-id=\"9ff865a\" data-element_type=\"column\">\n\t\t\t<div class=\"elementor-column-wrap elementor-element-populated\">\n\t\t\t\t\t\t\t<div class=\"elementor-widget-wrap\">\n\t\t\t\t\t\t<div class=\"elementor-element elementor-element-70f7387 elementor-widget elementor-widget-text-editor\" data-id=\"70f7387\" data-element_type=\"widget\" data-widget_type=\"text-editor.default\">\n\t\t\t\t<div class=\"elementor-widget-container\">\n\t\t\t\t\t\t\t\t<div class=\"elementor-text-editor elementor-clearfix\">\n\t\t\t\t<p>Conform\u00e9ment aux dispositions des articles 6-III et 19 de la Loi n\u00b0 2004-575 du 21 juin 2004 pour la Confiance dans l&#8217;\u00e9conomie num\u00e9rique, dite L.C.E.N., nous portons \u00e0 la connaissance des utilisateurs et visiteurs du site : www.nourrisante.fr les informations suivantes :<\/p><p>1. Informations l\u00e9gales :<\/p><p>Statut du propri\u00e9taire : particulier<br \/>Le Propri\u00e9taire est : Marina Champagne<br \/>Adresse postale du propri\u00e9taire : rue Nicolas Poussin, 31200 Toulouse &#8211; France<\/p><p>Le Cr\u00e9ateur du site est : Marina Champagne<br \/>Le Responsable de la\u00a0 publication est : Marina Champagne<br \/>Contacter le responsable de la publication : contact@nourrisante.fr<br \/>Le responsable de la publication est une\u00a0personne physique<\/p><p>Le Webmaster est\u00a0 : Marina Champagne<br \/>Contacter le Webmaster :\u00a0 contact@nourrisante.fr<br \/>L\u2019hebergeur du site est : OVH, 2 rue Kellermann &#8211; 59100 Roubaix &#8211; France<\/p><p>2. Pr\u00e9sentation et principe :<\/p><p>Est d\u00e9sign\u00e9 ci-apr\u00e8s : Utilisateur, tout internaute se connectant et utilisant le site susnomm\u00e9 : www.nourrisante.fr<br \/>Le site www.nourrisante.fr regroupe un ensemble de services, dans l&#8217;\u00e9tat,\u00a0 mis \u00e0 la disposition des utilisateurs. Il est ici pr\u00e9cis\u00e9 que ces derniers doivent rester courtois et faire preuve de bonne foi tant envers les autres utilisateurs qu&#8217;envers le webmaster du site www.nourrisante.fr. Le site www.nourrisante.fr est mis \u00e0 jour r\u00e9guli\u00e8rement par Marina Champagne. <br \/>Marina Champagne s\u2019efforce de fournir sur le site www.nourrisante.fr des informations les plus pr\u00e9cises possibles (sous r\u00e9serve de modifications apport\u00e9es depuis leur mise en ligne), mais ne saurait garantir l&#8217;exactitude, la compl\u00e9tude et l&#8217;actualit\u00e9 des informations diffus\u00e9es sur son site, qu\u2019elles soient de son fait ou du fait des tiers partenaires qui lui fournissent ces informations. En cons\u00e9quence, l&#8217;utilisateur reconna\u00eet utiliser ces informations donn\u00e9es (\u00e0 titre indicatif, non exhaustives et susceptibles d&#8217;\u00e9voluer) sous sa responsabilit\u00e9 exclusive.<\/p><p>3. Accessibilit\u00e9 :<\/p><p>Le site www.nourrisante.fr est par principe accessible aux utilisateurs 24\/24h, 7\/7j, sauf interruption, programm\u00e9e ou non, pour les besoins de sa maintenance ou en cas de force majeure. En cas d\u2019impossibilit\u00e9 d\u2019acc\u00e8s au service, www.nourrisante.fr s\u2019engage \u00e0 faire son maximum afin de r\u00e9tablir l\u2019acc\u00e8s au service et s\u2019efforcera alors de communiquer pr\u00e9alablement aux utilisateurs les dates et heures de l\u2019intervention.\u00a0 N\u2019\u00e9tant soumis qu\u2019\u00e0 une obligation de moyen, www.nourrisante.fr ne saurait \u00eatre tenu pour responsable de tout dommage, quelle qu\u2019en soit la nature, r\u00e9sultant d\u2019une indisponibilit\u00e9 du service.<\/p><p>4. Propri\u00e9t\u00e9 intellectuelle :<\/p><p>Marina Champagne est propri\u00e9taire exclusif de tous les droits de propri\u00e9t\u00e9 intellectuelle ou d\u00e9tient les droits d\u2019usage sur tous les \u00e9l\u00e9ments accessibles sur le site, tant sur la structure que sur les textes, images, graphismes, logo, ic\u00f4nes, sons, logiciels\u2026\u00a0<br \/>Les photos hors photos de banques de donn\u00e9es ne sont pas libres de droit et appartiennent \u00e0 Marina Champagne ou \u00e0 la photographe professionnelle Gwendoline Hodbert.<br \/>Toute reproduction totale ou partielle du site www.nourrisante.fr, repr\u00e9sentation, modification, publication, adaptation totale ou partielle de l&#8217;un quelconque de ces \u00e9l\u00e9ments, quel que soit le moyen ou le proc\u00e9d\u00e9 utilis\u00e9, est interdite, sauf autorisation \u00e9crite pr\u00e9alable de Marina Champagne, propri\u00e9taire du site \u00e0 l&#8217;email : contact@nourrisante.fr, \u00e0 d\u00e9faut elle sera consid\u00e9r\u00e9e comme constitutive d\u2019une contrefa\u00e7on et passible de poursuite conform\u00e9ment aux dispositions des articles L.335-2 et suivants du Code de Propri\u00e9t\u00e9 Intellectuelle.<\/p><p>5. Liens hypertextes et cookies :<\/p><p>Le site www.nourrisante.fr contient un certain nombre de liens hypertextes vers d\u2019autres sites (partenaires, informations \u2026) mis en place avec l\u2019autorisation de Marina Champagne. Cependant, Marina Champagne n\u2019a pas la possibilit\u00e9 de v\u00e9rifier l&#8217;ensemble du contenu des sites ainsi visit\u00e9s et d\u00e9cline donc toute responsabilit\u00e9 de ce fait quand aux risques \u00e9ventuels de contenus illicites.<br \/>L\u2019utilisateur est inform\u00e9 que lors de ses visites sur le site www.nourrisante.fr, un ou des cookies sont susceptibles de s\u2019installer automatiquement sur son ordinateur par l&#8217;interm\u00e9diaire de son logiciel de navigation. Un cookie est un bloc de donn\u00e9es qui ne permet pas d&#8217;identifier l&#8217;utilisateur, mais qui enregistre des informations relatives \u00e0 la navigation de celui-ci sur le site.\u00a0<br \/>Le param\u00e9trage du logiciel de navigation permet d\u2019informer de la pr\u00e9sence de cookie et \u00e9ventuellement, de la refuser de la mani\u00e8re d\u00e9crite \u00e0 l\u2019adresse suivante : www.cnil.fr. L\u2019utilisateur peut toutefois configurer le navigateur de son ordinateur pour refuser l\u2019installation des cookies, sachant que le refus d&#8217;installation d&#8217;un cookie peut entra\u00eener l\u2019impossibilit\u00e9 d\u2019acc\u00e9der \u00e0 certains services. Pour tout bloquage des cookies, tapez dans votre moteur de recherche : bloquage des cookies sous IE ou firefox et suivez les instructions en fonction de votre version.<\/p><p>6. Protection des biens et des personnes &#8211; gestion des donn\u00e9es personnelles :<\/p><p>En France, les donn\u00e9es personnelles sont notamment prot\u00e9g\u00e9es par la loi n\u00b0 78-87 du 6 janvier 1978, la loi n\u00b0 2004-801 du 6 ao\u00fbt 2004, l&#8217;article L. 226-13 du Code p\u00e9nal et la Directive Europ\u00e9enne du 24 octobre 1995.<\/p><p>Sur le site www.nourrisante.fr, Marina Champagne ne collecte des informations personnelles ( suivant l&#8217;article 4 loi n\u00b078-17 du 06 janvier 1978) relatives \u00e0 l&#8217;utilisateur que pour le besoin de certains services propos\u00e9s par le site www.nourrisante.fr. L&#8217;utilisateur fournit ces informations en toute connaissance de cause, notamment lorsqu&#8217;il proc\u00e8de par lui-m\u00eame \u00e0 leur saisie. Il est alors pr\u00e9cis\u00e9 \u00e0 l&#8217;utilisateur du site www.nourrisante.fr l\u2019obligation ou non de fournir ces informations.<br \/>Conform\u00e9ment aux dispositions des articles 38 et suivants de la loi 78-17 du 6 janvier 1978 relative \u00e0 l\u2019informatique, aux fichiers et aux libert\u00e9s, tout utilisateur dispose d\u2019un droit d\u2019acc\u00e8s, de rectification, de suppression et d\u2019opposition aux donn\u00e9es personnelles le concernant. Pour l\u2019exercer, adressez votre demande \u00e0 www.nourrisante.fr par email contact@nourrisante.fr ou par \u00e9crit d\u00fbment sign\u00e9e, accompagn\u00e9e d\u2019une copie du titre d\u2019identit\u00e9 avec signature du titulaire de la pi\u00e8ce, en pr\u00e9cisant l\u2019adresse \u00e0 laquelle la r\u00e9ponse doit \u00eatre envoy\u00e9e.<\/p><p>Aucune information personnelle de l&#8217;utilisateur du site www.nourrisante.fr n&#8217;est publi\u00e9e \u00e0 l&#8217;insu de l&#8217;utilisateur, \u00e9chang\u00e9e, transf\u00e9r\u00e9e, c\u00e9d\u00e9e ou vendue sur un support quelconque \u00e0 des tiers. Seule l&#8217;hypoth\u00e8se du rachat du site www.nourrisante.fr et de ses droits autorise Marina Champagne \u00e0 transmettre les dites informations \u00e0 l&#8217;\u00e9ventuel acqu\u00e9reur qui serait \u00e0 son tour tenu \u00e0 la m\u00eame obligation de conservation et de modification des donn\u00e9es vis \u00e0 vis de l&#8217;utilisateur du site www.nourrisante.fr.<br \/>Le site www.nourrisante.fr est en conformit\u00e9 avec le RGPD voir notre politique RGPD\u00a0 https:\/\/nourrisante.fr\/politique-de-confidentialite.<\/p><p>Les bases de donn\u00e9es sont prot\u00e9g\u00e9es par les dispositions de la loi du 1er juillet 1998 transposant la directive 96\/9 du 11 mars 1996 relative \u00e0 la protection juridique des bases de donn\u00e9es.<\/p>\t\t\t\t\t<\/div>\n\t\t\t\t\t\t<\/div>\n\t\t\t\t<\/div>\n\t\t\t\t\t\t<\/div>\n\t\t\t\t\t<\/div>\n\t\t<\/div>\n\t\t\t\t\t\t\t\t<\/div>\n\t\t\t\t\t<\/div>\n\t\t<\/section>\n\t\t\t\t\t\t\t\t\t<\/div>\n\t\t\t<\/div>\n\t\t\t\t\t<\/div>\n\t\t","protected":false},"excerpt":{"rendered":"<p>Mentions L\u00e9gales Conform\u00e9ment aux dispositions des articles 6-III et 19 de la Loi n\u00b0 2004-575 du 21 juin 2004 pour la Confiance dans l&#8217;\u00e9conomie num\u00e9rique, dite L.C.E.N., nous portons \u00e0 la connaissance des utilisateurs et visiteurs du site : www.nourrisante.fr les informations suivantes : 1. Informations l\u00e9gales : Statut du propri\u00e9taire : particulierLe Propri\u00e9taire est &hellip;<\/p>\n<p class=\"read-more\"> <a class=\"\" href=\"https:\/\/nourrisante.fr\/index.php\/mentions-legales\/\"> <span class=\"screen-reader-text\">Mentions L\u00e9gales<\/span> Lire la suite\u00a0\u00bb<\/a><\/p>\n","protected":false},"author":1,"featured_media":0,"parent":0,"menu_order":0,"comment_status":"closed","ping_status":"closed","template":"","meta":{"_mi_skip_tracking":false,"site-sidebar-layout":"no-sidebar","site-content-layout":"page-builder","ast-global-header-display":"","ast-main-header-display":"","ast-hfb-above-header-display":"","ast-hfb-below-header-display":"","ast-hfb-mobile-header-display":"","site-post-title":"disabled","ast-breadcrumbs-content":"","ast-featured-img":"disabled","footer-sml-layout":"","theme-transparent-header-meta":"default","adv-header-id-meta":"","stick-header-meta":"","header-above-stick-meta":"","header-main-stick-meta":"","header-below-stick-meta":"","jetpack_post_was_ever_published":false},"yoast_head":"<!-- This site is optimized with the Yoast SEO plugin v20.1 - https:\/\/yoast.com\/wordpress\/plugins\/seo\/ -->\n<title>Mentions L\u00e9gales - NourriSant\u00e9<\/title>\n<meta name=\"robots\" content=\"index, follow, max-snippet:-1, max-image-preview:large, max-video-preview:-1\" \/>\n<link rel=\"canonical\" href=\"https:\/\/nourrisante.fr\/index.php\/mentions-legales\/\" \/>\n<meta property=\"og:locale\" content=\"fr_FR\" \/>\n<meta property=\"og:type\" content=\"article\" \/>\n<meta property=\"og:title\" content=\"Mentions L\u00e9gales - NourriSant\u00e9\" \/>\n<meta property=\"og:description\" content=\"Mentions L\u00e9gales Conform\u00e9ment aux dispositions des articles 6-III et 19 de la Loi n\u00b0 2004-575 du 21 juin 2004 pour la Confiance dans l&#8217;\u00e9conomie num\u00e9rique, dite L.C.E.N., nous portons \u00e0 la connaissance des utilisateurs et visiteurs du site : www.nourrisante.fr les informations suivantes : 1. Informations l\u00e9gales : Statut du propri\u00e9taire : particulierLe Propri\u00e9taire est &hellip; Mentions L\u00e9gales Lire la suite\u00a0\u00bb\" \/>\n<meta property=\"og:url\" content=\"https:\/\/nourrisante.fr\/index.php\/mentions-legales\/\" \/>\n<meta property=\"og:site_name\" content=\"NourriSant\u00e9\" \/>\n<meta property=\"article:modified_time\" content=\"2020-05-14T13:21:40+00:00\" \/>\n<meta name=\"twitter:card\" content=\"summary_large_image\" \/>\n<meta name=\"twitter:label1\" content=\"Dur\u00e9e de lecture estim\u00e9e\" \/>\n\t<meta name=\"twitter:data1\" content=\"6 minutes\" \/>\n<script type=\"application\/ld+json\" class=\"yoast-schema-graph\">{\"@context\":\"https:\/\/schema.org\",\"@graph\":[{\"@type\":\"WebPage\",\"@id\":\"https:\/\/nourrisante.fr\/index.php\/mentions-legales\/\",\"url\":\"https:\/\/nourrisante.fr\/index.php\/mentions-legales\/\",\"name\":\"Mentions L\u00e9gales - NourriSant\u00e9\",\"isPartOf\":{\"@id\":\"https:\/\/nourrisante.fr\/#website\"},\"datePublished\":\"2020-05-10T19:30:38+00:00\",\"dateModified\":\"2020-05-14T13:21:40+00:00\",\"breadcrumb\":{\"@id\":\"https:\/\/nourrisante.fr\/index.php\/mentions-legales\/#breadcrumb\"},\"inLanguage\":\"fr-FR\",\"potentialAction\":[{\"@type\":\"ReadAction\",\"target\":[\"https:\/\/nourrisante.fr\/index.php\/mentions-legales\/\"]}]},{\"@type\":\"BreadcrumbList\",\"@id\":\"https:\/\/nourrisante.fr\/index.php\/mentions-legales\/#breadcrumb\",\"itemListElement\":[{\"@type\":\"ListItem\",\"position\":1,\"name\":\"Accueil\",\"item\":\"https:\/\/nourrisante.fr\/\"},{\"@type\":\"ListItem\",\"position\":2,\"name\":\"Mentions L\u00e9gales\"}]},{\"@type\":\"WebSite\",\"@id\":\"https:\/\/nourrisante.fr\/#website\",\"url\":\"https:\/\/nourrisante.fr\/\",\"name\":\"NourriSant\u00e9\",\"description\":\"Prends soin de toi !\",\"publisher\":{\"@id\":\"https:\/\/nourrisante.fr\/#organization\"},\"potentialAction\":[{\"@type\":\"SearchAction\",\"target\":{\"@type\":\"EntryPoint\",\"urlTemplate\":\"https:\/\/nourrisante.fr\/?s={search_term_string}\"},\"query-input\":\"required name=search_term_string\"}],\"inLanguage\":\"fr-FR\"},{\"@type\":\"Organization\",\"@id\":\"https:\/\/nourrisante.fr\/#organization\",\"name\":\"NourriSant\u00e9\",\"url\":\"https:\/\/nourrisante.fr\/\",\"logo\":{\"@type\":\"ImageObject\",\"inLanguage\":\"fr-FR\",\"@id\":\"https:\/\/nourrisante.fr\/#\/schema\/logo\/image\/\",\"url\":\"https:\/\/i0.wp.com\/nourrisante.fr\/wp-content\/uploads\/2020\/02\/NourriSante-2-scaled.jpg?fit=2048%2C1024&ssl=1\",\"contentUrl\":\"https:\/\/i0.wp.com\/nourrisante.fr\/wp-content\/uploads\/2020\/02\/NourriSante-2-scaled.jpg?fit=2048%2C1024&ssl=1\",\"width\":2048,\"height\":1024,\"caption\":\"NourriSant\u00e9\"},\"image\":{\"@id\":\"https:\/\/nourrisante.fr\/#\/schema\/logo\/image\/\"}}]}<\/script>\n<!-- \/ Yoast SEO plugin. -->","yoast_head_json":{"title":"Mentions L\u00e9gales - NourriSant\u00e9","robots":{"index":"index","follow":"follow","max-snippet":"max-snippet:-1","max-image-preview":"max-image-preview:large","max-video-preview":"max-video-preview:-1"},"canonical":"https:\/\/nourrisante.fr\/index.php\/mentions-legales\/","og_locale":"fr_FR","og_type":"article","og_title":"Mentions L\u00e9gales - NourriSant\u00e9","og_description":"Mentions L\u00e9gales Conform\u00e9ment aux dispositions des articles 6-III et 19 de la Loi n\u00b0 2004-575 du 21 juin 2004 pour la Confiance dans l&#8217;\u00e9conomie num\u00e9rique, dite L.C.E.N., nous portons \u00e0 la connaissance des utilisateurs et visiteurs du site : www.nourrisante.fr les informations suivantes : 1. Informations l\u00e9gales : Statut du propri\u00e9taire : particulierLe Propri\u00e9taire est &hellip; Mentions L\u00e9gales Lire la suite\u00a0\u00bb","og_url":"https:\/\/nourrisante.fr\/index.php\/mentions-legales\/","og_site_name":"NourriSant\u00e9","article_modified_time":"2020-05-14T13:21:40+00:00","twitter_card":"summary_large_image","twitter_misc":{"Dur\u00e9e de lecture estim\u00e9e":"6 minutes"},"schema":{"@context":"https:\/\/schema.org","@graph":[{"@type":"WebPage","@id":"https:\/\/nourrisante.fr\/index.php\/mentions-legales\/","url":"https:\/\/nourrisante.fr\/index.php\/mentions-legales\/","name":"Mentions L\u00e9gales - NourriSant\u00e9","isPartOf":{"@id":"https:\/\/nourrisante.fr\/#website"},"datePublished":"2020-05-10T19:30:38+00:00","dateModified":"2020-05-14T13:21:40+00:00","breadcrumb":{"@id":"https:\/\/nourrisante.fr\/index.php\/mentions-legales\/#breadcrumb"},"inLanguage":"fr-FR","potentialAction":[{"@type":"ReadAction","target":["https:\/\/nourrisante.fr\/index.php\/mentions-legales\/"]}]},{"@type":"BreadcrumbList","@id":"https:\/\/nourrisante.fr\/index.php\/mentions-legales\/#breadcrumb","itemListElement":[{"@type":"ListItem","position":1,"name":"Accueil","item":"https:\/\/nourrisante.fr\/"},{"@type":"ListItem","position":2,"name":"Mentions L\u00e9gales"}]},{"@type":"WebSite","@id":"https:\/\/nourrisante.fr\/#website","url":"https:\/\/nourrisante.fr\/","name":"NourriSant\u00e9","description":"Prends soin de toi !","publisher":{"@id":"https:\/\/nourrisante.fr\/#organization"},"potentialAction":[{"@type":"SearchAction","target":{"@type":"EntryPoint","urlTemplate":"https:\/\/nourrisante.fr\/?s={search_term_string}"},"query-input":"required name=search_term_string"}],"inLanguage":"fr-FR"},{"@type":"Organization","@id":"https:\/\/nourrisante.fr\/#organization","name":"NourriSant\u00e9","url":"https:\/\/nourrisante.fr\/","logo":{"@type":"ImageObject","inLanguage":"fr-FR","@id":"https:\/\/nourrisante.fr\/#\/schema\/logo\/image\/","url":"https:\/\/i0.wp.com\/nourrisante.fr\/wp-content\/uploads\/2020\/02\/NourriSante-2-scaled.jpg?fit=2048%2C1024&ssl=1","contentUrl":"https:\/\/i0.wp.com\/nourrisante.fr\/wp-content\/uploads\/2020\/02\/NourriSante-2-scaled.jpg?fit=2048%2C1024&ssl=1","width":2048,"height":1024,"caption":"NourriSant\u00e9"},"image":{"@id":"https:\/\/nourrisante.fr\/#\/schema\/logo\/image\/"}}]}},"jetpack_shortlink":"https:\/\/wp.me\/PbnNAt-zG","jetpack_sharing_enabled":true,"jetpack_likes_enabled":true,"jetpack-related-posts":[{"id":2256,"url":"https:\/\/nourrisante.fr\/index.php\/cgu\/","url_meta":{"origin":2212,"position":0},"title":"CGU","date":"05\/12\/2020","format":false,"excerpt":"Conditions g\u00e9n\u00e9rales d'utilisation En vigueur au 01\/04\/2020 Les pr\u00e9sentes conditions g\u00e9n\u00e9rales d'utilisation (dites \u00ab CGU \u00bb) ont pour objet l'encadrement juridique des modalit\u00e9s de mise \u00e0\u00a0disposition du site et des services par et de d\u00e9finir les conditions d\u2019acc\u00e8s et d\u2019utilisation des services par \u00ab l'Utilisateur \u00bb. Les pr\u00e9sentes CGU sont\u2026","rel":"","context":"Article similaire","img":{"alt_text":"","src":"","width":0,"height":0},"classes":[]},{"id":2376,"url":"https:\/\/nourrisante.fr\/index.php\/rgpd\/","url_meta":{"origin":2212,"position":1},"title":"RGPD","date":"05\/27\/2020","format":false,"excerpt":"Politique de confidentialit\u00e9 Politique de confidentialit\u00e9 (standard RGPD)S\u00e9curit\u00e9 et protection des donn\u00e9es personnellesD\u00e9finitions :L'\u00c9diteur : La personne, physique ou morale, qui \u00e9dite les services de communication au public en ligne.Le Site : L'ensemble des sites, pages Internet et services en ligne propos\u00e9s par l'\u00c9diteur.L'Utilisateur : La personne utilisant le Site\u2026","rel":"","context":"Article similaire","img":{"alt_text":"","src":"","width":0,"height":0},"classes":[]},{"id":408,"url":"https:\/\/nourrisante.fr\/index.php\/contact\/","url_meta":{"origin":2212,"position":2},"title":"Contact","date":"11\/26\/2019","format":false,"excerpt":"Contacte moi","rel":"","context":"Article similaire","img":{"alt_text":"","src":"","width":0,"height":0},"classes":[]},{"id":42,"url":"https:\/\/nourrisante.fr\/index.php\/qui-suis-je\/","url_meta":{"origin":2212,"position":3},"title":"Qui suis-je ?","date":"12\/02\/2019","format":false,"excerpt":"Hello et bienvenue !\u00a0Je m'appelle Marina Champagne, et je suis une passionn\u00e9e d'alimentation et de son rapport \u00e0 la sant\u00e9 ! Au cours des 10 derni\u00e8res ann\u00e9es, j'ai exp\u00e9riment\u00e9 de nombreuses fa\u00e7ons de manger, quitte parfois \u00e0 virer orthorexique. Un bien grand mot qui d\u00e9signe les personnes qui r\u00e9fl\u00e9chissent constamment\u2026","rel":"","context":"Article similaire","img":{"alt_text":"","src":"https:\/\/i0.wp.com\/nourrisante.fr\/wp-content\/uploads\/2020\/10\/117931832_1206486749705419_6288300267336117109_n.jpg?resize=350%2C200&ssl=1","width":350,"height":200},"classes":[]},{"id":2283,"url":"https:\/\/nourrisante.fr\/","url_meta":{"origin":2212,"position":4},"title":"Accueil","date":"05\/27\/2020","format":false,"excerpt":"Acc\u00e9dez gratuitement au guide complet en 3 \u00e9tapes simples pour prendre soin de vous, gr\u00e2ce au premier pilier pour se sentir bien dans votre corps : l'alimentation. 15 pages de contenu pour prendre votre bien-\u00eatre en main ! Dans ce guide vous allez d\u00e9couvrir :Comment bien d\u00e9marrer une cuisine\u00a0saine avec\u2026","rel":"","context":"Article similaire","img":{"alt_text":"NourriSant\u00c3\u00a9","src":"https:\/\/i0.wp.com\/nourrisante.fr\/wp-content\/uploads\/2021\/06\/1624373837-1024x785.jpg?resize=350%2C200&ssl=1","width":350,"height":200},"classes":[]},{"id":2380,"url":"https:\/\/nourrisante.fr\/index.php\/cgv\/","url_meta":{"origin":2212,"position":5},"title":"CGV","date":"05\/27\/2020","format":false,"excerpt":"","rel":"","context":"Article similaire","img":{"alt_text":"","src":"","width":0,"height":0},"classes":[]}],"_links":{"self":[{"href":"https:\/\/nourrisante.fr\/index.php\/wp-json\/wp\/v2\/pages\/2212"}],"collection":[{"href":"https:\/\/nourrisante.fr\/index.php\/wp-json\/wp\/v2\/pages"}],"about":[{"href":"https:\/\/nourrisante.fr\/index.php\/wp-json\/wp\/v2\/types\/page"}],"author":[{"embeddable":true,"href":"https:\/\/nourrisante.fr\/index.php\/wp-json\/wp\/v2\/users\/1"}],"replies":[{"embeddable":true,"href":"https:\/\/nourrisante.fr\/index.php\/wp-json\/wp\/v2\/comments?post=2212"}],"version-history":[{"count":23,"href":"https:\/\/nourrisante.fr\/index.php\/wp-json\/wp\/v2\/pages\/2212\/revisions"}],"predecessor-version":[{"id":2309,"href":"https:\/\/nourrisante.fr\/index.php\/wp-json\/wp\/v2\/pages\/2212\/revisions\/2309"}],"wp:attachment":[{"href":"https:\/\/nourrisante.fr\/index.php\/wp-json\/wp\/v2\/media?parent=2212"}],"curies":[{"name":"wp","href":"https:\/\/api.w.org\/{rel}","templated":true}]}}